{"id":1608,"date":"2018-10-13T20:04:35","date_gmt":"2018-10-13T18:04:35","guid":{"rendered":"https:\/\/alektorcapital.com\/ma-advisory-consultancy\/"},"modified":"2018-10-29T19:31:16","modified_gmt":"2018-10-29T18:31:16","slug":"fusioni-e-acquisizioni-e-servizi-consulenza","status":"publish","type":"page","link":"https:\/\/alektorcapital.com\/it\/fusioni-e-acquisizioni-e-servizi-consulenza\/","title":{"rendered":"Fusioni Acquisizioni e Servizi di Consulenza"},"content":{"rendered":"<section class=\"wpb-content-wrapper\"><p>[vc_section parallax=&#8221;content-moving-fade&#8221; parallax_image=&#8221;https:\/\/alektorcapital.com\/wp-content\/uploads\/2018\/10\/london.png&#8221; padding_class=&#8221;section-padding-large&#8221; bg_class=&#8221;overlay&#8221;][vc_row][vc_column][vc_empty_space][investment_header_content style=&#8221;style1&#8243; align=&#8221;text-left&#8221; title=&#8221;Fusioni Acquisizioni e Servizi di Consulenza&#8221; subtitle=&#8221;Alektor Capital&#8221; button_text=&#8221;&#8221; button_url=&#8221;&#8221;][\/vc_column][\/vc_row][\/vc_section][vc_section][vc_row gap=&#8221;10&#8243;][vc_column width=&#8221;1\/2&#8243;][investment_list_item style=&#8221;h4&#8243; add_icon=&#8221;yes&#8221; type=&#8221;pixden&#8221; icon_pixden=&#8221;pe-7s-users&#8221; title=&#8221;Servizi ai venditori&#8221; desc=&#8221;Offriamo ai nostri clienti servizi di consulenza strategica e di consulenza per fusioni ed acquisizioni per garantir loro l\u2019ottenimento di condizioni particolarmente favorevoli nella transazione ponendo in esse strategie di cessione adeguate ai loro obiettivi.<\/p>\n<p>I nostri contatti, sia locali sia internazionali, ci permettono di proporre un accesso privilegiato a potenziali acquirenti. Il nostro obiettivo \u00e8 ottenere la migliore combinazione prezzo-struttura dell&#8217;offerta, massimizzando gli obiettivi in tempi adeguati alle esigenze del cliente.&#8221;][vc_empty_space height=&#8221;100px&#8221;][\/vc_column][vc_column width=&#8221;1\/2&#8243;][investment_list_item style=&#8221;h4&#8243; add_icon=&#8221;yes&#8221; type=&#8221;pixden&#8221; icon_pixden=&#8221;pe-7s-add-user&#8221; title=&#8221;Servizi ai compratori&#8221; desc=&#8221;La nostra profonda conoscenza degli specifici mercati e delle opportunit\u00e0 presenti aiuta gli acquirenti ad identificare le occasioni migliori e ad approcciare gli azionisti nel modo pi\u00f9 appropriato per effettuare la transazione a loro pi\u00f9 favorevole.<\/p>\n<p>I nostri contatti, sia locali sia internazionali, ci forniscono supporto e un accesso strategico senza precedenti a potenziali venditori per offrire servizi di consulenza strategica e su fusioni ed acquisizioni di successo.&#8221;][vc_empty_space height=&#8221;100px&#8221;][\/vc_column][\/vc_row][\/vc_section]<\/p>\n<\/section>","protected":false},"excerpt":{"rendered":"<p>[vc_section parallax=&#8221;content-moving-fade&#8221; parallax_image=&#8221;https:\/\/alektorcapital.com\/wp-content\/uploads\/2018\/10\/london.png&#8221; padding_class=&#8221;section-padding-large&#8221; bg_class=&#8221;overlay&#8221;][vc_row][vc_column][vc_empty_space][investment_header_content style=&#8221;style1&#8243; align=&#8221;text-left&#8221; title=&#8221;Fusioni Acquisizioni e Servizi di Consulenza&#8221; subtitle=&#8221;Alektor Capital&#8221; button_text=&#8221;&#8221; button_url=&#8221;&#8221;][\/vc_column][\/vc_row][\/vc_section][vc_section][vc_row gap=&#8221;10&#8243;][vc_column width=&#8221;1\/2&#8243;][investment_list_item style=&#8221;h4&#8243; add_icon=&#8221;yes&#8221; type=&#8221;pixden&#8221; icon_pixden=&#8221;pe-7s-users&#8221; title=&#8221;Servizi ai venditori&#8221; desc=&#8221;Offriamo ai nostri clienti servizi di consulenza strategica e<\/p>\n<div class=\"read-more-wrap\"><a href=\"https:\/\/alektorcapital.com\/it\/fusioni-e-acquisizioni-e-servizi-consulenza\/\" class=\"btn btn-secondary\">Leggi di pi\u00f9 <i class=\"icon-arrows-slim-right\"><\/i><\/a><\/div>\n","protected":false},"author":1,"featured_media":0,"parent":0,"menu_order":23,"comment_status":"closed","ping_status":"closed","template":"templates\/vc-template.php","meta":{"footnotes":""},"class_list":["post-1608","page","type-page","status-publish","hentry"],"_links":{"self":[{"href":"https:\/\/alektorcapital.com\/it\/wp-json\/wp\/v2\/pages\/1608\/"}],"collection":[{"href":"https:\/\/alektorcapital.com\/it\/wp-json\/wp\/v2\/pages\/"}],"about":[{"href":"https:\/\/alektorcapital.com\/it\/wp-json\/wp\/v2\/types\/page\/"}],"author":[{"embeddable":true,"href":"https:\/\/alektorcapital.com\/it\/wp-json\/wp\/v2\/users\/1\/"}],"replies":[{"embeddable":true,"href":"https:\/\/alektorcapital.com\/it\/wp-json\/wp\/v2\/comments\/?post=1608"}],"version-history":[{"count":4,"href":"https:\/\/alektorcapital.com\/it\/wp-json\/wp\/v2\/pages\/1608\/revisions\/"}],"predecessor-version":[{"id":2150,"href":"https:\/\/alektorcapital.com\/it\/wp-json\/wp\/v2\/pages\/1608\/revisions\/2150\/"}],"wp:attachment":[{"href":"https:\/\/alektorcapital.com\/it\/wp-json\/wp\/v2\/media\/?parent=1608"}],"curies":[{"name":"wp","href":"https:\/\/api.w.org\/{rel}","templated":true}]}}