{"id":1505,"date":"2018-10-16T10:59:09","date_gmt":"2018-10-16T08:59:09","guid":{"rendered":"https:\/\/alektorcapital.com\/overview-values-mission\/"},"modified":"2025-04-14T19:33:45","modified_gmt":"2025-04-14T17:33:45","slug":"panorama-valori-missione","status":"publish","type":"page","link":"https:\/\/alektorcapital.com\/it\/panorama-valori-missione\/","title":{"rendered":"Chi Siamo"},"content":{"rendered":"<section class=\"wpb-content-wrapper\"><p>[vc_section header=&#8221;yes&#8221; transparent_header=&#8221;yes&#8221; parallax=&#8221;content-moving&#8221; parallax_image=&#8221;https:\/\/alektorcapital.com\/wp-content\/uploads\/2018\/10\/about-us.png&#8221; bg_class=&#8221;overlay&#8221; el_id=&#8221;home&#8221;][vc_row][vc_column][investment_onepage_nav navbar_visible=&#8221;yes&#8221; nav_logo=&#8221;https:\/\/alektorcapital.com\/wp-content\/uploads\/2016\/10\/alektor-capital-logo-1.png&#8221; header_logo=&#8221;https:\/\/alektorcapital.com\/wp-content\/uploads\/2016\/10\/alektor-capital-logo-1.png&#8221; nav_menu=&#8221;about-ch&#8221; buttons=&#8221;%5B%5D&#8221;][vc_empty_space height=&#8221;140px&#8221;][vc_row_inner][vc_column_inner width=&#8221;1\/2&#8243;][investment_title align=&#8221;left&#8221; tag=&#8221;h4&#8243; title=&#8221;Chi Siamo&#8221; add_underline=&#8221;yes&#8221;]<\/p>\n<h6>Alektor Capital \u00e8 una societ\u00e0 di consulenza indipendente, focalizzata su fusioni e acquisizioni internazionali, finanza aziendale, crescita del capitale e consulenza strategica.<\/h6>\n<p>[\/investment_title][\/vc_column_inner][vc_column_inner width=&#8221;1\/2&#8243;][\/vc_column_inner][\/vc_row_inner][vc_empty_space height=&#8221;60px&#8221;][\/vc_column][\/vc_row][\/vc_section][vc_section][vc_row full_width=&#8221;stretch_row&#8221; gap=&#8221;20&#8243; equal_height=&#8221;yes&#8221; css=&#8221;.vc_custom_1539954689196{padding-right: 10% !important;padding-left: 10% !important;background-color: #ffffff !important;}&#8221; el_id=&#8221;panoramica&#8221;][vc_column width=&#8221;1\/2&#8243;][investment_title align=&#8221;left&#8221; tag=&#8221;h2&#8243; title=&#8221;{Panoramica}&#8221; add_underline=&#8221;yes&#8221;]<strong>Alektor Capital \u00e8 una boutique, una societ\u00e0 di consulenza indipendente, focalizzata su fusioni e acquisizioni internazionali, finanza aziendale, crescita del capitale e consulenza strategica.<\/strong><\/p>\n<p>Alektor Capital \u00e8 il partner ideale quando serve pi\u00f9 di una semplice stima del fabbisogno di capitale o di una valutazione societaria. Caratterizzata da un approccio personalizzato attento sia alle esigenze economiche sia a quelle tecniche del cliente, la nostra azienda ha trai suoi punti di forza una rete internazionale costantemente alla ricerca di nuove opportunit\u00e0 e una profonda conoscenza delle singole culture locali. Siamo un team di professionisti affidabili ed esperti, in grado di concepire, strutturare ed eseguire contratti e mandati su misura. Le nostre esperienze professionali vanno dalla consulenza finanziaria ai ruoli di responsabilit\u00e0 in organizzazioni pubbliche e private. Come imprenditori, abbiamo creato start-up e sviluppato societ\u00e0 in crescita. Siamo in grado di analizzare realt\u00e0 complesse e fornire chiavi di lettura tecnico-commerciali grazie alla nostra esperienza, acquisita sul campo<em>.<\/em>[\/investment_title][\/vc_column][vc_column width=&#8221;1\/2&#8243;][vc_empty_space height=&#8221;100px&#8221;][vc_single_image image=&#8221;1027&#8243; img_size=&#8221;full&#8221; alignment=&#8221;right&#8221;][\/vc_column][\/vc_row][\/vc_section][vc_section full_width=&#8221;container-wide&#8221; bg_class=&#8221;bg_gray&#8221; el_id=&#8221;di cosa ci occupiamo&#8221;][vc_row css=&#8221;.vc_custom_1539954758483{padding-right: 3% !important;padding-left: 3% !important;}&#8221;][vc_column][investment_title align=&#8221;center&#8221; tag=&#8221;h2&#8243; title=&#8221;Di cosa {ci occupiamo}&#8221; add_underline=&#8221;yes&#8221;]Siamo un team vario e multiculturale[\/investment_title][vc_row_inner][vc_column_inner width=&#8221;1\/4&#8243; css=&#8221;.vc_custom_1539689585910{padding-right: 5px !important;padding-left: 5px !important;}&#8221;][investment_feature type=&#8221;pixden&#8221; icon_pixden=&#8221;pe-7s-headphones&#8221; title=&#8221;{Forniamo} consulenza&#8221; link=&#8221;&#8221;]alle societ\u00e0 private, alle start- up , alle imprese familiari, ai loro azionisti oltre che ai family office costituiti in Europa continentale e nei paesi dove siamo presenti[\/investment_feature][\/vc_column_inner][vc_column_inner width=&#8221;1\/4&#8243; css=&#8221;.vc_custom_1539689617701{padding-right: 5px !important;padding-left: 5px !important;}&#8221;][investment_feature type=&#8221;pixden&#8221; icon_pixden=&#8221;pe-7s-tools&#8221; title=&#8221;{Costruiamo} un ponte&#8221; link=&#8221;&#8221;]ideale tra investitori, azionisti e imprenditori, aiutandoli a scoprire nuove opportunit\u00e0, grazie ai nostri contatti privilegiati e il nostro quartier generale europeo[\/investment_feature][\/vc_column_inner][vc_column_inner width=&#8221;1\/4&#8243; css=&#8221;.vc_custom_1539689623152{padding-right: 5px !important;padding-left: 5px !important;}&#8221;][investment_feature type=&#8221;pixden&#8221; icon_pixden=&#8221;pe-7s-repeat&#8221; title=&#8221;Il nostro {obiettivo}&#8221; link=&#8221;&#8221;]\u00e8 quello di offrire collegamenti ai nostri clienti, investitori, azionisti ed imprenditori, e portare reciproci benefici economici ad Europa ed Asia[\/investment_feature][\/vc_column_inner][vc_column_inner width=&#8221;1\/4&#8243; css=&#8221;.vc_custom_1539689628586{padding-right: 5px !important;padding-left: 5px !important;}&#8221;][investment_feature type=&#8221;pixden&#8221; icon_pixden=&#8221;pe-7s-study&#8221; title=&#8221;{Offriamo} conoscenze&#8221; link=&#8221;&#8221;]locali con una prospettiva globale. I nostri contatti, sia locali sia internazionali, ci permettono di proporre un accesso privilegiato a potenziali acquirenti a venditori[\/investment_feature][\/vc_column_inner][\/vc_row_inner][\/vc_column][\/vc_row][\/vc_section][vc_section parallax=&#8221;content-moving-fade&#8221; parallax_image=&#8221;https:\/\/alektorcapital.com\/wp-content\/uploads\/2018\/10\/about-us-2.png&#8221; el_id=&#8221;valori&#8221; css=&#8221;.vc_custom_1744652018529{border-radius: 1px !important;}&#8221;][vc_row css=&#8221;.vc_custom_1539690301026{padding-right: 5% !important;padding-left: 5% !important;}&#8221;][vc_column][investment_title align=&#8221;center&#8221; tag=&#8221;h2&#8243; title=&#8221;Valori&#8221; add_underline=&#8221;yes&#8221;][\/investment_title][vc_empty_space height=&#8221;50px&#8221;][investment_skillbar values=&#8221;%5B%7B%22label%22%3A%22Indipendenza%20e%20riservatezza%20%22%2C%22value%22%3A%2280%22%2C%22customcolor%22%3A%22%23a0251a%22%7D%2C%7B%22label%22%3A%22Rispetto%20per%20i%20nostri%20clienti%20e%20per%20i%20loro%20valori%20%22%2C%22value%22%3A%22100%22%2C%22customcolor%22%3A%22%23a0251a%22%7D%2C%7B%22label%22%3A%22Confidenzialit%C3%A0%22%2C%22value%22%3A%22100%22%2C%22customcolor%22%3A%22%23a0251a%22%7D%2C%7B%22label%22%3A%22Esecuzione%20professionale%20%22%2C%22value%22%3A%22100%22%2C%22customcolor%22%3A%22%23a0251a%22%7D%2C%7B%22label%22%3A%22Dedizione%20al%20cliente%22%2C%22value%22%3A%22100%22%2C%22customcolor%22%3A%22%23a0251a%22%7D%2C%7B%22label%22%3A%22Passione%20per%20il%20nostro%20lavoro%22%2C%22value%22%3A%22100%22%2C%22customcolor%22%3A%22%23A0251A%22%7D%5D&#8221;][vc_empty_space height=&#8221;50px&#8221;][\/vc_column][\/vc_row][\/vc_section][vc_section bottom_arrow=&#8221;yes&#8221; el_id=&#8221;missione&#8221; css=&#8221;.vc_custom_1744651979442{padding-right: 10% !important;padding-left: 10% !important;background-color: #003058 !important;}&#8221;][vc_row gap=&#8221;25&#8243; equal_height=&#8221;yes&#8221; bg_class=&#8221;secondary-dark-bg&#8221; css=&#8221;.vc_custom_1744651997154{background-color: #003058 !important;}&#8221;][vc_column][vc_empty_space height=&#8221;10px&#8221;][investment_title align=&#8221;center&#8221; tag=&#8221;h2&#8243; title=&#8221;La nostra {missione}&#8221; add_underline=&#8221;yes&#8221;]<\/p>\n<h6>Offriamo, attraverso contatti privilegiati ed internazionali, opportunit\u00e0 per il reciproco vantaggio delle aziende europee ed asiatiche, attraverso la totale dedizione ai nostri clienti con un entusiasmo senza pari.<\/h6>\n<p>[\/investment_title][\/vc_column][\/vc_row][\/vc_section][vc_section full_width=&#8221;container-wide&#8221; el_id=&#8221;dove siamo&#8221;][vc_row css=&#8221;.vc_custom_1744641536818{padding-right: 0px !important;padding-left: 0px !important;}&#8221;][vc_column][vc_empty_space][investment_title align=&#8221;center&#8221; tag=&#8221;h2&#8243; title=&#8221;{Dove} Siamo&#8221; add_underline=&#8221;yes&#8221;]Alektor Capital \u00e8 presente a Torino e Milano (Italia), Londra (Regno Unito) e ChongQing (Cina)[\/investment_title][vc_empty_space][vc_single_image image=&#8221;2113&#8243; img_size=&#8221;large&#8221; alignment=&#8221;center&#8221;][\/vc_column][\/vc_row][vc_row bg_class=&#8221;bg_gray&#8221; css=&#8221;.vc_custom_1744651574484{background-color: #1e73be !important;}&#8221;][vc_column][investment_copyrightbar copyright_text=&#8221;ALEKTOR CAPITAL SRL \u2022 PI 11894070017 \u2022 \u00a9 2025 All Rights Reserved&#8221; nav_menu=&#8221;footer-menu-ita&#8221;][\/vc_column][\/vc_row][\/vc_section]<\/p>\n<\/section>","protected":false},"excerpt":{"rendered":"<p>[vc_section header=&#8221;yes&#8221; transparent_header=&#8221;yes&#8221; parallax=&#8221;content-moving&#8221; parallax_image=&#8221;https:\/\/alektorcapital.com\/wp-content\/uploads\/2018\/10\/about-us.png&#8221; bg_class=&#8221;overlay&#8221; el_id=&#8221;home&#8221;][vc_row][vc_column][investment_onepage_nav navbar_visible=&#8221;yes&#8221; nav_logo=&#8221;https:\/\/alektorcapital.com\/wp-content\/uploads\/2016\/10\/alektor-capital-logo-1.png&#8221; header_logo=&#8221;https:\/\/alektorcapital.com\/wp-content\/uploads\/2016\/10\/alektor-capital-logo-1.png&#8221; nav_menu=&#8221;about-ch&#8221; buttons=&#8221;%5B%5D&#8221;][vc_empty_space height=&#8221;140px&#8221;][vc_row_inner][vc_column_inner width=&#8221;1\/2&#8243;][investment_title align=&#8221;left&#8221; tag=&#8221;h4&#8243; title=&#8221;Chi Siamo&#8221; add_underline=&#8221;yes&#8221;] Alektor Capital \u00e8 una societ\u00e0 di consulenza indipendente, focalizzata su fusioni e acquisizioni internazionali, finanza aziendale,<\/p>\n<div class=\"read-more-wrap\"><a href=\"https:\/\/alektorcapital.com\/it\/panorama-valori-missione\/\" class=\"btn btn-secondary\">Leggi di pi\u00f9 <i class=\"icon-arrows-slim-right\"><\/i><\/a><\/div>\n","protected":false},"author":1,"featured_media":0,"parent":0,"menu_order":2,"comment_status":"closed","ping_status":"closed","template":"templates\/onepage-template.php","meta":{"footnotes":""},"class_list":["post-1505","page","type-page","status-publish","hentry"],"_links":{"self":[{"href":"https:\/\/alektorcapital.com\/it\/wp-json\/wp\/v2\/pages\/1505\/"}],"collection":[{"href":"https:\/\/alektorcapital.com\/it\/wp-json\/wp\/v2\/pages\/"}],"about":[{"href":"https:\/\/alektorcapital.com\/it\/wp-json\/wp\/v2\/types\/page\/"}],"author":[{"embeddable":true,"href":"https:\/\/alektorcapital.com\/it\/wp-json\/wp\/v2\/users\/1\/"}],"replies":[{"embeddable":true,"href":"https:\/\/alektorcapital.com\/it\/wp-json\/wp\/v2\/comments\/?post=1505"}],"version-history":[{"count":62,"href":"https:\/\/alektorcapital.com\/it\/wp-json\/wp\/v2\/pages\/1505\/revisions\/"}],"predecessor-version":[{"id":2636,"href":"https:\/\/alektorcapital.com\/it\/wp-json\/wp\/v2\/pages\/1505\/revisions\/2636\/"}],"wp:attachment":[{"href":"https:\/\/alektorcapital.com\/it\/wp-json\/wp\/v2\/media\/?parent=1505"}],"curies":[{"name":"wp","href":"https:\/\/api.w.org\/{rel}","templated":true}]}}